{"id":957,"date":"2014-10-24T14:42:47","date_gmt":"2014-10-24T12:42:47","guid":{"rendered":"http:\/\/www.kikoyshop.nl\/?page_id=957"},"modified":"2016-05-11T11:08:15","modified_gmt":"2016-05-11T09:08:15","slug":"lieferbedingungen","status":"publish","type":"page","link":"https:\/\/www.kikoyshop.nl\/de\/lieferbedingungen\/","title":{"rendered":"Lieferbedingungen"},"content":{"rendered":"<p><span style=\"font-size: 14px;\"><strong>Lieferbedingungen<\/strong><\/span><\/p>\n<p>&nbsp;<\/p>\n<p><span style=\"font-size: 12px;\"><strong>1. Allgemeines<\/strong><span id=\"1376732199889E\" style=\"display: none;\">\u00a0<\/span><br \/>\nDiese Gesch\u00e4ftsbedingungen gelten f\u00fcr jedes einzelne Angebot und Vereinbarung zwischen Kenia Shop\/KikoyShop und dem K\u00e4ufer. Wenn der K\u00e4ufer ein Produkt bestellt erkl\u00e4rt Er oder sie, dass Er\/Sie mit den Lieferbedingungen einverstanden ist.<\/span><\/p>\n<p>&nbsp;<\/p>\n<p><strong>2. Information <\/strong><br \/>\nAlle Informationen auf der Website von der KikoyShop ist mit sehr viel Aufmerksamkeit und Sorgfalt komponiert. Die Artikel auf der Website sind im Grunde genommen auf Lager. Es ist m\u00f6glich, dass ein Artikel auf etwa zur gleichen Zeit von mehreren K\u00e4ufern bestellt wird. Da wir von unsere Produkte nur wenige St\u00fccke verf\u00fcgbar haben ist das Produkt m\u00f6glicherweise ausverkauft. In diesem Fall werden wir Sie per e-Mail benachrichtigen, wenn das Produkt in unserem Shop vorr\u00e4tig sein wird. Wir versuchen die Produkte so gut und ehrlich wie m\u00f6glich zu zeigen. Es ist m\u00f6glich, dass die Farben der Produkte nicht in alle Computer ganz identisch sein. Sie sehen die gleichen Kikoyproducten regelm\u00e4\u00dfig in den verschiedenen Farben und Designs. M\u00f6glicherweise gibt es kleine Unterschiede in den Farben, wo diese am ersten Blick gleich scheinen. Dies ist, weil man in Kenia einmal mehr Farbstoff auf dem F\u00e4rbebad hinzuf\u00fcgt als zu anderen Zeiten. Da alle Produkte handgemacht sind k\u00f6nnen kleine Unebenheiten im Gewebe auftreten. W\u00fcrden Sie mehrere Produkte bestellen, in der gleichen Farbe und w\u00fcrde Sie wissen, ob die Farben des selben F\u00e4rbebad sind, bitte senden Sie uns eine E-mail mit Ihrer Frage an KikoyShop. Sie erhalten Antwort innerhalb weniger Stunden.<\/p>\n<p>&nbsp;<\/p>\n<p><strong>3. Bestellung<br \/>\n<\/strong>Sobald Sie eine Bestellung gemacht haben erhalten Sie eine Best\u00e4tigung per e-Mail. Auf dieser Best\u00e4tigung sehen Sie eine Zusammenfassung der Artikel, Steuer und Versandkosten. Alle Preise sind in Euro angegeben und enthalten die Mehrwertsteuer. Sie erhalten eine Best\u00e4tigung per e-Mail, sobald Ihre Zahlung auf unserem Konto empfangen ist. Wir informieren Sie auch wenn Ihre Bestellung an Ihre Adresse gesendet ist.<\/p>\n<p><strong><span class=\"hps\">Die Zahlung<\/span> <span class=\"hps\">kann\u00a0<\/span><span class=\"hps\">geschehen<\/span> mittels <span class=\"hps\">Bank\u00fcberweisung oder<\/span> <span class=\"hps\">direkt per PayPal<\/span>, <span class=\"hps\">Bancontact\/Mister Cash<\/span>, <span class=\"hps\">SOFORT<\/span> <span class=\"hps\">Banking<\/span>, Visa, Kreditkarte<span class=\"hps\"> und<\/span> <span class=\"hps\">Bitcoin<\/span>.<\/strong><\/p>\n<p>F\u00fcr \u00dcberweisungen f\u00fcr innen- und\u00a0Ausland:<br \/>\nKontonummer Bank NL89 ABNA 0441 5913 61 t.n.v. M.J. Straus. BIC : ABNANL2A<\/p><\/div>\n<p>&nbsp;<\/p>\n<p><strong>4. Versandkosten<br \/>\n<\/strong>Der Versand wird mit Einschreiben durch TNT Post ausgef\u00fchrt. Wenn Ihre Zahlung vor 11:00 auf unserem Konto \u00fcberwiesen ist wird Ihrer bestellung am selben Tag nach Ihrer Adresse geschickt . Wir haben keinen Einfluss auf eventuelle Versp\u00e4tungen in TNT Post.<\/p>\n<p>Wenn ein Auftrag verloren geht ohne Verschulden der KikoyShop oder an die falsche Adresse geliefert werden kann die KikoyShop nicht haftbar gemacht werden.<\/p>\n<p>&nbsp;<\/p>\n<table border=\"1\" width=\"100%\" cellspacing=\"0\" cellpadding=\"0\">\n<tbody>\n<tr>\n<td valign=\"top\" bgcolor=\"rgb(239,239,239)\">\n<p style=\"line-height: 140%;\"><span style=\"color: #444444; line-height: 140%;\">t\/m<\/span><\/p>\n<\/td>\n<td valign=\"top\" bgcolor=\"rgb(239,239,239)\">\n<p style=\"line-height: 140%;\"><b><span style=\"color: #444444; line-height: 140%;\">0 &#8211;\u00a0 2 kg<\/span><\/b><\/p>\n<\/td>\n<td valign=\"top\" bgcolor=\"rgb(239,239,239)\">\n<p style=\"line-height: 140%;\"><b><span style=\"color: #444444; line-height: 140%;\">2 &#8211;\u00a0 5 kg<\/span><\/b><\/p>\n<\/td>\n<td valign=\"top\" bgcolor=\"rgb(239,239,239)\">\n<p style=\"line-height: 140%;\"><b><span style=\"color: #444444; line-height: 140%;\">\u00a0 5 &#8211; 10 kg<\/span><\/b><\/p>\n<\/td>\n<td valign=\"top\" bgcolor=\"rgb(239,239,239)\">\n<p style=\"line-height: 140%;\"><b><span style=\"color: #444444; line-height: 140%;\">\u00a010 &#8211; 20 kg<\/span><\/b><\/p>\n<\/td>\n<\/tr>\n<tr>\n<td colspan=\"5\" valign=\"top\" bgcolor=\"rgb(237,140,0)\"><\/td>\n<\/tr>\n<tr>\n<td valign=\"top\">\n<p style=\"line-height: 140%;\"><span style=\"color: #c0c0c0;\"><span style=\"line-height: 140%;\">EUR 1<\/span><\/span><\/p>\n<\/td>\n<td valign=\"top\">\n<p style=\"line-height: 140%;\"><span style=\"color: #c0c0c0;\"><span style=\"line-height: 140%;\">\u20ac 14,65<\/span><\/span><\/p>\n<\/td>\n<td valign=\"top\">\n<p style=\"line-height: 140%;\"><span style=\"color: #c0c0c0;\"><span style=\"line-height: 140%;\">\u20ac 21,15<\/span><\/span><\/p>\n<\/td>\n<td valign=\"top\">\n<p style=\"line-height: 140%;\"><span style=\"color: #c0c0c0;\"><span style=\"line-height: 140%;\">\u00a0\u20ac 26,65<\/span><\/span><\/p>\n<\/td>\n<td valign=\"top\">\n<p style=\"line-height: 140%;\"><span style=\"color: #c0c0c0;\"><span style=\"line-height: 140%;\">\u00a0\u20ac 35,65<\/span><\/span><\/p>\n<\/td>\n<\/tr>\n<tr>\n<td valign=\"top\">\n<p style=\"line-height: 140%;\"><span style=\"color: #c0c0c0;\"><span style=\"line-height: 140%;\">EUR 2<\/span><\/span><\/p>\n<\/td>\n<td valign=\"top\">\n<p style=\"line-height: 140%;\"><span style=\"color: #c0c0c0;\"><span style=\"line-height: 140%;\">\u20ac 20,15<\/span><\/span><\/p>\n<\/td>\n<td valign=\"top\">\n<p style=\"line-height: 140%;\"><span style=\"color: #c0c0c0;\"><span style=\"line-height: 140%;\">\u20ac 26,65<\/span><\/span><\/p>\n<\/td>\n<td valign=\"top\">\n<p style=\"line-height: 140%;\"><span style=\"color: #c0c0c0;\"><span style=\"line-height: 140%;\">\u00a0\u20ac 32,65<\/span><\/span><\/p>\n<\/td>\n<td valign=\"top\">\n<p style=\"line-height: 140%;\"><span style=\"color: #c0c0c0;\"><span style=\"line-height: 140%;\">\u00a0\u20ac\u00a041,65<\/span><\/span><\/p>\n<\/td>\n<\/tr>\n<tr>\n<td valign=\"top\">\n<p style=\"line-height: 140%;\"><span style=\"color: #c0c0c0;\"><span style=\"line-height: 140%;\">EUR 3<\/span><\/span><\/p>\n<\/td>\n<td valign=\"top\">\n<p style=\"line-height: 140%;\"><span style=\"color: #c0c0c0;\"><span style=\"line-height: 140%;\">\u20ac 20,95<\/span><\/span><\/p>\n<\/td>\n<td valign=\"top\">\n<p style=\"line-height: 140%;\"><span style=\"color: #c0c0c0;\"><span style=\"line-height: 140%;\">\u20ac 27,95<\/span><\/span><\/p>\n<\/td>\n<td valign=\"top\">\n<p style=\"line-height: 140%;\"><span style=\"color: #c0c0c0;\"><span style=\"line-height: 140%;\">\u00a0\u20ac 33,95<\/span><\/span><\/p>\n<\/td>\n<td valign=\"top\">\n<p style=\"line-height: 140%;\"><span style=\"color: #c0c0c0;\"><span style=\"line-height: 140%;\">\u00a0\u20ac\u00a043,95<\/span><\/span><\/p>\n<\/td>\n<\/tr>\n<tr>\n<td valign=\"top\">\n<p style=\"line-height: 140%;\"><span style=\"color: #c0c0c0;\"><span style=\"line-height: 140%;\">World<\/span><\/span><\/p>\n<\/td>\n<td valign=\"top\">\n<p style=\"line-height: 140%;\"><span style=\"color: #c0c0c0;\"><span style=\"line-height: 140%;\">\u20ac 25,95<\/span><\/span><\/p>\n<\/td>\n<td valign=\"top\">\n<p style=\"line-height: 140%;\"><span style=\"color: #c0c0c0;\"><span style=\"line-height: 140%;\">\u20ac 35,95<\/span><\/span><\/p>\n<\/td>\n<td valign=\"top\">\n<p style=\"line-height: 140%;\"><span style=\"color: #c0c0c0;\"><span style=\"line-height: 140%;\">\u00a0\u20ac 59,95<\/span><\/span><\/p>\n<\/td>\n<td valign=\"top\">\n<p style=\"line-height: 140%;\"><span style=\"color: #c0c0c0;\"><span style=\"line-height: 140%;\">\u00a0\u20ac 106,60<\/span><\/span><\/p>\n<\/td>\n<\/tr>\n<\/tbody>\n<\/table>\n<p>&nbsp;<\/p>\n<p><strong>5. Datenschutz<\/strong><\/p>\n<p>Ihre Daten werden durch die KikoyShop nur f\u00fcr die Durchf\u00fchrung Ihrer Bestellung verwendet. Ihre pers\u00f6nlichen Daten werder nie an Dritte ohne Zustimmung weitergegeben.<br \/>\nWenn Sie sich f\u00fcr unseren Newsletter anmelden, verwenden wir Ihre e-Mail-Adresse zum informieren \u00fcber neue Produkte, Angebote und andere relevante Informationen \u00fcber die KikoyShop.<\/p>\n<p>&nbsp;<\/p>\n<p><strong>6. Fragen werden sofort beantwortet.\u00a0<\/strong><br \/>\nhaben Sie\u00a0eine Frage\u00a0oder etwas ist nicht ganz klar?\u00a0Senden Sie eine Mail\u00a0an\u00a0<a href=\"mailto:info@kikoyshop.nl\">info@kikoyshop.nl<\/a><br \/>\nSie erhalten Antwort per e-mail\u00a0innerhalb von 24 Stunden.<\/p>\n<p>&nbsp;<\/p>\n<p><strong>7. Kontaktdaten<br \/>\n<\/strong><\/p>\n<p><span style=\"font-size: 12px;\"><span class=\"style1\"><span style=\"font-family: Verdana;\">Mobile:\u00a00031 6 2890 3224<\/span><br \/>\n<span style=\"font-family: Verdana;\"><br \/>\nBank: NL89 ABNA 0441 5913 61 im namen M.J. Straus<br \/>\n<\/span><\/span><\/span><\/p>\n<div style=\"line-height: normal;\"><span style=\"font-size: 10pt;\">IBAN: NL77INGB0006608505<\/span><\/div>\n<p><span style=\"font-size: 10pt;\">BIC\u00a0 : INGBNL2A<\/span><\/p>\n<p class=\"MsoNormal style1\"><span style=\"font-size: 12px;\"><span style=\"font-family: Verdana;\">Email: <\/span><\/span><span style=\"font-family: Tahoma; font-size: 10pt;\"><span style=\"font-size: 10px;\"><span style=\"font-size: 12px;\"><span style=\"font-size: 12px;\"><span style=\"font-family: Verdana;\"><a href=\"mailto:info@kikoyshop.nl\"><span style=\"font-family: Verdana;\">info@kikoyshop.nl<\/span><\/a><br \/>\n<\/span><span style=\"font-family: Verdana;\"><\/span><\/span><\/span><\/span><\/span><\/p>\n","protected":false},"excerpt":{"rendered":"<p>Lieferbedingungen &nbsp; 1. Allgemeines\u00a0 Diese Gesch\u00e4ftsbedingungen gelten f\u00fcr jedes einzelne Angebot und Vereinbarung zwischen Kenia Shop\/KikoyShop und dem K\u00e4ufer. Wenn der K\u00e4ufer ein Produkt bestellt erkl\u00e4rt Er oder sie, dass Er\/Sie mit den Lieferbedingungen einverstanden ist. &nbsp; 2. Information Alle Informationen auf der Website von der KikoyShop ist mit sehr viel Aufmerksamkeit und Sorgfalt komponiert. [&hellip;]<\/p>\n","protected":false},"author":1,"featured_media":0,"parent":0,"menu_order":20,"comment_status":"closed","ping_status":"closed","template":"","meta":{"_monsterinsights_skip_tracking":false,"_monsterinsights_sitenote_active":false,"_monsterinsights_sitenote_note":"","_monsterinsights_sitenote_category":0},"_links":{"self":[{"href":"https:\/\/www.kikoyshop.nl\/de\/wp-json\/wp\/v2\/pages\/957"}],"collection":[{"href":"https:\/\/www.kikoyshop.nl\/de\/wp-json\/wp\/v2\/pages"}],"about":[{"href":"https:\/\/www.kikoyshop.nl\/de\/wp-json\/wp\/v2\/types\/page"}],"author":[{"embeddable":true,"href":"https:\/\/www.kikoyshop.nl\/de\/wp-json\/wp\/v2\/users\/1"}],"replies":[{"embeddable":true,"href":"https:\/\/www.kikoyshop.nl\/de\/wp-json\/wp\/v2\/comments?post=957"}],"version-history":[{"count":3,"href":"https:\/\/www.kikoyshop.nl\/de\/wp-json\/wp\/v2\/pages\/957\/revisions"}],"predecessor-version":[{"id":1780,"href":"https:\/\/www.kikoyshop.nl\/de\/wp-json\/wp\/v2\/pages\/957\/revisions\/1780"}],"wp:attachment":[{"href":"https:\/\/www.kikoyshop.nl\/de\/wp-json\/wp\/v2\/media?parent=957"}],"curies":[{"name":"wp","href":"https:\/\/api.w.org\/{rel}","templated":true}]}}