{"id":844,"date":"2014-10-23T19:43:14","date_gmt":"2014-10-23T17:43:14","guid":{"rendered":"http:\/\/www.kikoyshop.nl\/?page_id=844"},"modified":"2014-11-04T11:57:09","modified_gmt":"2014-11-04T10:57:09","slug":"was-ist-ein-kikoy-kikoi","status":"publish","type":"page","link":"https:\/\/www.kikoyshop.nl\/de\/was-ist-ein-kikoy-kikoi\/","title":{"rendered":"Was ist ein kikoy (kikoi)?"},"content":{"rendered":"<p>&nbsp;<\/p>\n<p><strong>WAS IST EIN KIKOY?<\/strong><\/p>\n<p>&nbsp;<\/p>\n<p>Die Kikoy ist heute eine Mode in der ganzen Welt geworden. Das Kleidungsst\u00fcck aus 100% Baumwolle besteht aus einem rechteckigen St\u00fcck Stoff, 100 cm breit und 160 cm lang. Traditionell wird diese Substanz auf einem einzigen Webstuhl hergestellt, ist in der Mitte einheitlich und mit Streifen an den Kanten einheitlich. In den letzten Jahren seht man auch kikoys mit Streifen gewebt \u00fcber die gesamte Breite des Gewebes. <\/p>\n<p>&nbsp;<\/p>\n<p>Das Wort Kikoy (oder Kikoi) stammt aus Swahili und bedeutet etwas wickeln, etwas das Sie um Sie herum drapieren. Das gibt sofort den vielseitigen Einsatz der Kikoy zu.<br \/>\nDie Kikoy hat eine lange Tradition an der K\u00fcste von Kenia und Tansania. Arabische H\u00e4ndler haben diese Kikoys getragen und so ist dieses Kleidungsst\u00fcck in den Hafenst\u00e4dten von Ostafrika gelandet. Die Kikoy wurde urspr\u00fcnglich von M\u00e4nnern getragen. Wegen der W\u00e4rme und hoher Luftfeuchtigkeit in den warmen Regionen kann man verstehen, dass sie lieber eine Kikoy trugen als eine Hosen. Frauen tragen die Kikoy als Rock. Am Abend, wenn es k\u00e4lter wird, tragen sie die Kikoy als Schal um die Schultern. <br \/>\nUm die Kikoy in Position zu halten, wird diese es an der Taille oder H\u00fcfte ein paarmal nach au\u00dfen gerollt.<br \/>\nWer auf Safari oder einem Strand in Kenia gewesen ist hat bestimmt eine oder mehrere dieser Kikoys gekauft, f\u00fcr den pers\u00f6nlichen Gebrauch oder als Geschenk f\u00fcr die Heimatfront. Mit seinen fr\u00f6hlichen Farben und Gr\u00f6\u00dfe ist dieses Tuch wirklich ein Symbol der sch\u00f6nen Kenia. <\/p>\n<p>&nbsp;<\/p>\n<p>In Europa sehen wir am Strand, in der Sauna oder im Pool \u00f6fter M\u00e4dchen, Frauen sowie Jungen und M\u00e4nner die Kikoy tragen. Es ist oft als einer Schlinge f\u00fcr das Baby verwendet.<br \/>\nDie Kikoy ist auch in einer gro\u00dfen Gr\u00f6\u00dfe: 150 x 250 cm. Die sch\u00f6nen Farben macht es ideal als Tuch auf Ihre Liegest\u00fchle, als Vorhang und als Tischdecke. <\/p>\n<p>&nbsp;<\/p>\n<p><strong>EIGENES STUDIO <\/strong><\/p>\n<p>&nbsp;<\/p>\n<p>Die KikoyShop hat pers\u00f6nliche Kontakte zu verschiedenen Workshops und Arbeitsorte etabliert. Mittlerweile haben wir f\u00fcr unsere kikoyproducten ein eigenes Studio. Einige Frauen machen hier im Auftrag der Kikoyshop verschiedenen Produkten aus die urspr\u00fcnglichen kikoystof sowie Schalen, R\u00f6cke, Babykleidung und Taschen. Damit haben wir einen Beitrag zur Erh\u00f6hung des Lebensstandards der mehrere Familien. Das bedeutet zB, dass man in der Lage ist das Schulgeld f\u00fcr die Kinder zu zahlen, um ein gutes Essen auf den Tisch zu setzen und sch\u00f6ne Kleider zu kaufen. <\/p>\n<p>&nbsp;<\/p>\n<p>Weil der KikoyShop die Frauen sofort und direct bezahlt gibt es nichts mehr and den Fingern von Vermittlern.  <br \/>\nAuch f\u00fcr den Verkauf unserer Artikel gibt es keine Vermittlern. Deshalb sind wir in der Lage unsere Kikoyproducten zu einem sehr g\u00fcnstigen Preis anzubieten.<\/p>\n<p>&nbsp;<\/p>\n<p style=\"color:#cc99ff;\"><strong>Der Gewinn, den KikoyShop \u00fcber den Verkauf von kikoyproducten in den Niederlanden und Europa flie\u00dft direkt zur\u00fcck in verschiedenen Projekten in Kenia.<br \/>\nHeute haben wir einen Brunnenbau im Dorf Ngu Nyumu, einem Dorf mit 800 Einwohnern, im Machakos Bezirk, eine Autostunde \u00f6stlich von Nairobi entfernt. Jetzt wenden wir den Profit aus dem KikoyShop an f\u00fcr eine Pumpe, um das Wasser aus dem Brunnen nach oben zu pumpen.<\/strong><\/p>\n<p>&nbsp;<\/p>\n<p>&nbsp;<\/p>\n","protected":false},"excerpt":{"rendered":"<p>&nbsp; WAS IST EIN KIKOY? &nbsp; Die Kikoy ist heute eine Mode in der ganzen Welt geworden. Das Kleidungsst\u00fcck aus 100% Baumwolle besteht aus einem rechteckigen St\u00fcck Stoff, 100 cm breit und 160 cm lang. Traditionell wird diese Substanz auf einem einzigen Webstuhl hergestellt, ist in der Mitte einheitlich und mit Streifen an den Kanten [&hellip;]<\/p>\n","protected":false},"author":1,"featured_media":0,"parent":0,"menu_order":15,"comment_status":"closed","ping_status":"closed","template":"","meta":{"_monsterinsights_skip_tracking":false,"_monsterinsights_sitenote_active":false,"_monsterinsights_sitenote_note":"","_monsterinsights_sitenote_category":0},"_links":{"self":[{"href":"https:\/\/www.kikoyshop.nl\/de\/wp-json\/wp\/v2\/pages\/844"}],"collection":[{"href":"https:\/\/www.kikoyshop.nl\/de\/wp-json\/wp\/v2\/pages"}],"about":[{"href":"https:\/\/www.kikoyshop.nl\/de\/wp-json\/wp\/v2\/types\/page"}],"author":[{"embeddable":true,"href":"https:\/\/www.kikoyshop.nl\/de\/wp-json\/wp\/v2\/users\/1"}],"replies":[{"embeddable":true,"href":"https:\/\/www.kikoyshop.nl\/de\/wp-json\/wp\/v2\/comments?post=844"}],"version-history":[{"count":0,"href":"https:\/\/www.kikoyshop.nl\/de\/wp-json\/wp\/v2\/pages\/844\/revisions"}],"wp:attachment":[{"href":"https:\/\/www.kikoyshop.nl\/de\/wp-json\/wp\/v2\/media?parent=844"}],"curies":[{"name":"wp","href":"https:\/\/api.w.org\/{rel}","templated":true}]}}