{"id":776,"date":"2014-10-23T18:57:43","date_gmt":"2014-10-23T16:57:43","guid":{"rendered":"http:\/\/www.kikoyshop.nl\/?page_id=776"},"modified":"2016-01-21T13:46:36","modified_gmt":"2016-01-21T12:46:36","slug":"start-seite-3","status":"publish","type":"page","link":"https:\/\/www.kikoyshop.nl\/de\/","title":{"rendered":"Start-Seite"},"content":{"rendered":"<p style=\"text-align: center; font-size: 30px;\">!!! SALE !!! DIE BILLIGSTEN<\/p>\n<p>&nbsp;<\/p>\n<p style=\"font-size: 14px;\">Wir haben f\u00fcr das Jahr 2016 alle Kikoy-Strandt\u00fccher, Pareo-Hamamdoeken, Tischdecken und Loungedecken reduziert in Preis.<\/p>\n<p>Sie sehen unsere neue Preise bei die verschiedenen Produktpaginas.<br \/>\n&nbsp;<\/p>\n<p style=\"font-size: 14px;\"><strong><span class=\"hps\">WILLKOMMEN IN DER<\/span> <span class=\"hps\">KIKOYSHOP<\/span><\/strong><\/p>\n<p style=\"font-size: 14px;\">Wir haben unsere Sammlung und Lager aktualisiert und erg\u00e4nzt mit neuen Designs und leuchtenden Farben aus Kenia! Sch\u00f6n und praktisch zu Hause, im Urlaub, in der Sauna oder Hammam. Auch sehr sch\u00f6n zu geben oder zu empfangen als\u00a0Geschenke. Immer sehr willkommen!<\/p>\n<p>Mit der Kauf eines Produktes in der KikoyShop unterst\u00fctzen Sie eines unserer Projekte in Kenia. Derzeit arbeiten wir an den Bau eines Brunnens in einem Dorf in der N\u00e4he von Machakos.<\/p>\n<p>In der Fotogalerie unten\u00a0kommen alle Produkte von der Kikoyshop vorbei. Wenn Sie auf den Text unter dem Foto klicken, gelangen Sie direkt auf das Produkt Ihrer Wahl. Sie k\u00f6nnen auch auf eine der Produktgruppen in der linken Spalte dieser Seite klicken. Sie erhalten eine komplette \u00dcbersicht.<\/p>\n<p>&nbsp;<\/p>\n<p>Versendet wird sofort nach Geldeingang.<\/p>\n            <div id=\"wcps-container-91\" class=\"wcps-container wcps-container-91\">\r\n                        <div class=\"wcps-ribbon none\" ><\/div>\r\n\r\n        <style type=\"text\/css\">\r\n            .wcps-ribbon{\r\n                background-color: ;\r\n                background-image: url(\"\");\r\n                color: ;\r\n                width: 90px;\r\n                height: 24px;\r\n                text-align: center;\r\n                text-transform: uppercase;\r\n                background-repeat: no-repeat;\r\n                background-size: 100%;\r\n            }\r\n        <\/style>\r\n            <script>\r\n            jQuery(document).ready(function($){\r\n                $(\"#wcps-91\").owlCarousel({\r\n                    items : 3, \/\/10 items above 1000px browser width\r\n                    autoHeight:false,\r\n                    responsiveClass:true,\r\n                    responsive:{\r\n                        0:{\r\n                            items:1,\r\n                            slideBy:1,\r\n                            nav:true,\r\n\r\n                        },\r\n                        600:{\r\n                            items:2,\r\n                            slideBy:2,\r\n                            nav:true,\r\n                        },\r\n                        900:{\r\n                            items:2,\r\n                            slideBy:2,\r\n                            nav:true,\r\n                        },\r\n                        1000:{\r\n                            items:3,\r\n                            slideBy:3,\r\n                            nav:true,\r\n                        }\r\n                    },\r\n                    autoplay:true,\r\n                    autoplaySpeed:1500,\r\n                    autoplayTimeout:2000,\r\n                    autoplayHoverPause:true,\r\n                    loop:true,\r\n                    rewind:true,\r\n                    center:true,\r\n                    rtl:false,\r\n                    navContainerClass: 'owl-nav topright flat',\r\n                    nav:true,\r\n                    navText : ['<i class=\"fas fa-chevron-left\"><\/i>','<i class=\"fas fa-chevron-right\"><\/i>'],\r\n                    navSpeed:1000,\r\n                    slideBy:3,\r\n                    dots:true,\r\n                    dotsSpeed:1200,\r\n                    mouseDrag:true,\r\n                    touchDrag:true,\r\n                    lazyLoad:false,\r\n                });\r\n                $(document).on('change', '#wcps-91 .wcps-items-cart .quantity', function(){\r\n                    quantity = $(this).val();\r\n                    console.log(quantity);\r\n                    $(this).next().attr('data-quantity', quantity);\r\n                })\r\n            });\r\n        <\/script>\r\n\r\n        <style type=\"text\/css\">\r\n            .wcps-container-91{\r\n                                                \r\n                position: relative;\r\n                overflow: hidden;\r\n            }\r\n            \/*ribbon position*\/\r\n            .wcps-container-91 .wcps-ribbon.topright{\r\n                position: absolute;\r\n                right: -25px;\r\n                top: 15px;\r\n                box-shadow: 0 2px 4px -1px rgb(51, 51, 51);\r\n                transform: rotate(45deg);\r\n                z-index: 10;\r\n            }\r\n            .wcps-container-91 .wcps-ribbon.topleft{\r\n                position: absolute;\r\n                left: -25px;\r\n                top: 15px;\r\n                box-shadow: 0 2px 4px -1px rgb(51, 51, 51);\r\n                transform: rotate(-45deg);\r\n                z-index: 10;\r\n            }\r\n            .wcps-container-91 .wcps-ribbon.bottomleft{\r\n                position: absolute;\r\n                left: -25px;\r\n                bottom: 10px;\r\n                box-shadow: 0 2px 4px -1px rgb(51, 51, 51);\r\n                transform: rotate(45deg);\r\n                z-index: 10;\r\n            }\r\n            .wcps-container-91 .wcps-ribbon.bottomright{\r\n                position: absolute;\r\n                right: -24px;\r\n                bottom: 10px;\r\n                box-shadow: 0 2px 4px -1px rgb(51, 51, 51);\r\n                transform: rotate(-45deg);\r\n                z-index: 10;\r\n            }\r\n            .wcps-container-91 .wcps-ribbon.none{\r\n                display: none;\r\n            }\r\n            .wcps-container-91 .item {\r\n                                                                text-align: left;\r\n            \r\n            }\r\n            @media only screen and ( min-width: 0px ) and ( max-width: 767px ) {\r\n                .wcps-container-91 .item {\r\n                                }\r\n            }\r\n            @media only screen and ( min-width: 768px ) and ( max-width: 1023px ) {\r\n                .wcps-container-91 .item {\r\n                \r\n                }\r\n            }\r\n            @media only screen and (min-width: 1024px ){\r\n                .wcps-container-91 .item {\r\n                \r\n                }\r\n            }\r\n\r\n\r\n\r\n            #wcps-91 .wcps-items{\r\n                padding-top:45px;\r\n            }\r\n            .wcps-container-91 .on-sale{}\r\n            .wcps-container-91 .on-sale img{\r\n                width: 30px;\r\n                height: auto;\r\n                box-shadow: none;\r\n                display: inline-block;\r\n                vertical-align: middle;\r\n            }\r\n            .wcps-container-91 .on-sale.topright{\r\n                position: absolute;\r\n                right: 20px;\r\n                top: 15px;\r\n                z-index: 10;\r\n            }\r\n            .wcps-container-91 .on-sale.topleft{\r\n                position: absolute;\r\n                left: 20px;\r\n                top: 15px;\r\n                z-index: 10;\r\n            }\r\n            .wcps-container-91 .on-sale.bottomleft{\r\n                position: absolute;\r\n                left: 20px;\r\n                bottom: 10px;\r\n                z-index: 10;\r\n            }\r\n            .wcps-container-91 .on-sale.bottomright{\r\n                position: absolute;\r\n                right: 20px;\r\n                bottom: 10px;\r\n                z-index: 10;\r\n            }\r\n            .wcps-container-91 .featured-mark img{\r\n                width: 30px;\r\n                height: auto;\r\n                box-shadow: none;\r\n                display: inline-block;\r\n                vertical-align: middle;\r\n            }\r\n            .wcps-container-91 .featured-mark.topright{\r\n                position: absolute;\r\n                right: 20px;\r\n                top: 15px;\r\n                z-index: 10;\r\n            }\r\n            .wcps-container-91 .featured-mark.topleft{\r\n                position: absolute;\r\n                left: 20px;\r\n                top: 15px;\r\n                z-index: 10;\r\n            }\r\n            .wcps-container-91 .featured-mark.bottomleft{\r\n                position: absolute;\r\n                left: 20px;\r\n                bottom: 10px;\r\n                z-index: 10;\r\n            }\r\n            .wcps-container-91 .featured-mark.bottomright{\r\n                position: absolute;\r\n                right: 20px;\r\n                bottom: 10px;\r\n                z-index: 10;\r\n            }\r\n            #wcps-91 .owl-dots{\r\n                text-align: center;\r\n                width: 100%;\r\n                margin: 30px 0 0;\r\n            }\r\n            #wcps-91 .owl-dots .owl-dot{\r\n                            border-radius: 20px;\r\n                display: inline-block;\r\n                height: 15px;\r\n                margin: 5px 7px;\r\n                width: 15px;\r\n                outline: none;\r\n            }\r\n            #wcps-91 .owl-dots .owl-dot.active, #wcps-91 .owl-dots .owl-dot:hover{\r\n                        }\r\n            #wcps-91 .owl-nav button{\r\n                            background: #000000;\r\n                                        margin: 0 5px;\r\n                outline: none;\r\n            }\r\n            #wcps-91 .owl-nav.topright{\r\n                position: absolute;\r\n                right: 15px;\r\n                top: 15px;\r\n            }\r\n            #wcps-91 .owl-nav.topleft{\r\n                position: absolute;\r\n                left: 15px;\r\n                top: 15px;\r\n            }\r\n            #wcps-91 .owl-nav.bottomleft{\r\n                position: absolute;\r\n                left: 15px;\r\n                bottom: 15px;\r\n            }\r\n            #wcps-91 .owl-nav.bottomright{\r\n                position: absolute;\r\n                right: 15px;\r\n                bottom: 15px;\r\n            }\r\n            #wcps-91 .owl-nav.middle-fixed{\r\n                position: absolute;\r\n                top: 50%;\r\n                transform: translate(0, -50%);\r\n                width: 100%;\r\n            }\r\n            #wcps-91 .owl-nav.middle-fixed  .owl-next{\r\n                float: right;\r\n            }\r\n            #wcps-91 .owl-nav.middle-fixed .owl-prev{\r\n                float: left;\r\n            }\r\n            #wcps-91 .owl-nav.middle{\r\n                position: absolute;\r\n                top: 50%;\r\n                transform: translate(0, -50%);\r\n                width: 100%;\r\n            }\r\n            #wcps-91 .owl-nav.middle  .owl-next{\r\n                float: right;\r\n                right: -20%;\r\n                position: absolute;\r\n                transition: all ease 1s 0s;\r\n            }\r\n            #wcps-91:hover .owl-nav.middle  .owl-next{\r\n                right: 0;\r\n            }\r\n            #wcps-91 .owl-nav.middle  .owl-prev{\r\n                left: -20%;\r\n                position: absolute;\r\n                transition: all ease 1s 0s;\r\n            }\r\n            #wcps-91:hover .owl-nav.middle  .owl-prev{\r\n                left: 0;\r\n                position: absolute;\r\n            }\r\n            #wcps-91 .owl-nav.flat button{\r\n                padding: 5px 20px;\r\n                border-radius: 0;\r\n            }\r\n            #wcps-91 .owl-nav.border button{\r\n                padding: 5px 20px;\r\n                border: 2px solid #777;\r\n            }\r\n            #wcps-91 .owl-nav.semi-round button{\r\n                padding: 5px 20px;\r\n                border-radius: 8px;\r\n            }\r\n            #wcps-91 .owl-nav.round button{\r\n                border-radius: 50px;\r\n                width: 50px;\r\n                height: 50px;\r\n            }\r\n            #wcps-91 .quantity{\r\n                width: 45px;\r\n            }\r\n            .wcps-container #wcps-133{} .wcps-container #wcps-133 .wcps-items{} .wcps-container #wcps-133 .wcps-items-thumb{}        <\/style>\r\n        <style type=\"text\/css\">\r\n        .layout-2002 .element-1622289237827{\r\n            margin: ;\r\n\r\n        }\r\n\r\n        .layout-2002 .element-1622289237827 a{\r\n                                    text-decoration: none;\r\n                }\r\n    <\/style>\r\n        <style type=\"text\/css\">\r\n        .layout-2002 .element-1622289152040{\r\n                                                            text-align: left;\r\n                    }\r\n    <\/style>\r\n        <style type=\"text\/css\">\r\n\r\n        .layout-2002 .element-1622289182652{\r\n            overflow: hidden;\r\n                    }\r\n\r\n        @media only screen and (min-width: 1024px ){\r\n            .layout-2002 .element-1622289182652{\r\n                        }\r\n        }\r\n\r\n        @media only screen and ( min-width: 768px ) and ( max-width: 1023px ) {\r\n            .layout-2002 .element-1622289182652{\r\n                        }\r\n        }\r\n\r\n        @media only screen and ( min-width: 0px ) and ( max-width: 767px ){\r\n            .layout-2002 .element-1622289182652{\r\n                        }\r\n        }\r\n\r\n\r\n\r\n    <\/style>\r\n                <\/div>\r\n            \n<p><script src=\"https:\/\/apis.google.com\/_\/scs\/apps-static\/_\/js\/k=oz.gapi.nl.rEn0KKQWJns.O\/m=auth\/exm=plusone\/rt=j\/sv=1\/d=1\/ed=1\/am=EQ\/rs=AGLTcCN_wN0DMalXlDhH2Mir3MqR1Wrf-A\/t=zcms\/cb=gapi.loaded_1\" async=\"\"><\/script><script src=\"https:\/\/apis.google.com\/_\/scs\/apps-static\/_\/js\/k=oz.gapi.nl.rEn0KKQWJns.O\/m=plusone\/rt=j\/sv=1\/d=1\/ed=1\/am=EQ\/rs=AGLTcCN_wN0DMalXlDhH2Mir3MqR1Wrf-A\/t=zcms\/cb=gapi.loaded_0\" async=\"\"><\/script><script src=\"https:\/\/apis.google.com\/js\/plusone.js?onload=onLoadCallback\" async=\"\" type=\"text\/javascript\"><\/script><script src=\"http:\/\/www.google-analytics.com\/ga.js\" async=\"\" type=\"text\/javascript\"><\/script><script src=\"http:\/\/www.googletagservices.com\/tag\/js\/gpt.js\" async=\"\" type=\"text\/javascript\"><\/script><script type=\"text\/javascript\">\/\/ <![CDATA[\nvar googletag = googletag || {}; \t\tgoogletag.cmd = googletag.cmd || []; \t\t(function() { \t\tvar gads = document.createElement('script'); \t\tgads.async = true; \t\tgads.type = 'text\/javascript'; \t\tvar useSSL = 'https:' == document.location.protocol; \t\tgads.src = (useSSL ? 'https:' : 'http:') +  \t\t'\/\/www.googletagservices.com\/tag\/js\/gpt.js'; \t\tvar node = document.getElementsByTagName('script')[0]; \t\tnode.parentNode.insertBefore(gads, node); \t\t})();\n\/\/ ]]><\/script><script type=\"text\/javascript\">\/\/ <![CDATA[\ngoogletag.cmd.push(function() { \t\tvar hp_lb = googletag.defineSlot('\/1010985\/Vertalen_Homepage_Leaderboard', [728, 90], 'div-gpt-ad-1383341327160-0').addService(googletag.pubads()); \t\t\/\/var hp_lb = googletag.defineSlot('\/1010985\/Vertalen_homepage_mobile_leaderboard', [320, 50], 'div-gpt-ad-1383341327160-0').addService(googletag.pubads());\t\t\t\t \t\tvar hp_rect = googletag.defineSlot('\/1010985\/Vertalen_Homepage_Rectangle', [300, 250], 'div-gpt-ad-1392339894100-0').addService(googletag.pubads());\t \t\tvar pb_lb = googletag.defineSlot('\/1010985\/Vertalen_Phrasebook_Leaderboard', [728, 90], 'div-gpt-ad-1384427262259-0').addService(googletag.pubads()); \t\tvar con_lb = googletag.defineSlot('\/1010985\/Vertalen_Conjugation_Leaderboard', [728, 90], 'div-gpt-ad-1384445405658-0').addService(googletag.pubads()); \t\tvar res = googletag.defineSlot('\/1010985\/Vertalen_Translations_Rectangle', [300, 250], 'div-gpt-ad-1384426691001-0').addService(googletag.pubads()); \t\tvar res_side = googletag.defineSlot('\/1010985\/Vertalen_Translations_Sidebar', [300, 250], 'div-gpt-ad-1393840414424-0').addService(googletag.pubads()); \t\tvar sent = googletag.defineSlot('\/1010985\/Vertalen_Zinnen_Banner', [468, 90], 'div-gpt-ad-1384430427670-0').addService(googletag.pubads());\t\t \t\tvar con_res = googletag.defineSlot('\/1010985\/Vertalen_Conjugation_Results', [[300, 250], [300, 600]], 'div-gpt-ad-1384953646593-0').addService(googletag.pubads());\t\t \t\thp_lb.set('adsense_channel_ids', '2290333359'); \t\thp_rect.set('adsense_channel_ids', '8890128843'); \t\tsent.set('adsense_channel_ids', '4953232637'); \t\tres.set('adsense_channel_ids', '9556281249');\t\t \t\tres_side.set('adsense_channel_ids', '7789682049'); \t\tgoogletag.enableServices(); \t\t});\n\/\/ ]]><\/script><!-- [if lt IE 9]>\n<script src=\"http:\/\/html5shiv.googlecode.com\/svn\/trunk\/html5.js\"><\/script>\n    <![endif]--><script type=\"text\/javascript\">\/\/ <![CDATA[\nvar _gaq = _gaq || [];       _gaq.push(['_setAccount', 'UA-189788-1']);       _gaq.push(['_setDomainName', 'vertalen.nu']);       _gaq.push(['_trackPageview']);       (function() {         var ga = document.createElement('script'); ga.type = 'text\/javascript'; ga.async = true;         ga.src = ('https:' == document.location.protocol ? 'https:\/\/ssl' : 'http:\/\/www') + '.google-analytics.com\/ga.js';         var s = document.getElementsByTagName('script')[0]; s.parentNode.insertBefore(ga, s);       })();\n\/\/ ]]><\/script><script src=\"http:\/\/partner.googleadservices.com\/gpt\/pubads_impl_57.js\" async=\"\" type=\"text\/javascript\"><\/script><script src=\"\/\/pagead2.googlesyndication.com\/pagead\/expansion_embed.js?source=safeframe\"><\/script><script src=\"http:\/\/pagead2.googlesyndication.com\/pagead\/osd.js\" type=\"text\/javascript\"><\/script><\/p>\n<div class=\"wrapper\">\n<div class=\"main-content\">\n<div class=\"sentence-translation\">\n<div class=\"row\">\n<div class=\"small-12 medium-6 large-6 columns\">\n<div id=\"resultdiv\">\n<div class=\"mt-translation-container\" style=\"text-align: center;\">\n<p><span id=\"resulttxt\" class=\"mt-translation-content\">\u00a0<\/span><\/div>\n<\/div>\n<\/div>\n<\/div>\n<\/div>\n<\/div>\n<\/div>\n","protected":false},"excerpt":{"rendered":"<p>!!! SALE !!! DIE BILLIGSTEN &nbsp; Wir haben f\u00fcr das Jahr 2016 alle Kikoy-Strandt\u00fccher, Pareo-Hamamdoeken, Tischdecken und Loungedecken reduziert in Preis. Sie sehen unsere neue Preise bei die verschiedenen Produktpaginas. &nbsp; WILLKOMMEN IN DER KIKOYSHOP Wir haben unsere Sammlung und Lager aktualisiert und erg\u00e4nzt mit neuen Designs und leuchtenden Farben aus Kenia! Sch\u00f6n und praktisch [&hellip;]<\/p>\n","protected":false},"author":1,"featured_media":0,"parent":0,"menu_order":12,"comment_status":"closed","ping_status":"open","template":"","meta":{"_monsterinsights_skip_tracking":false,"_monsterinsights_sitenote_active":false,"_monsterinsights_sitenote_note":"","_monsterinsights_sitenote_category":0},"_links":{"self":[{"href":"https:\/\/www.kikoyshop.nl\/de\/wp-json\/wp\/v2\/pages\/776"}],"collection":[{"href":"https:\/\/www.kikoyshop.nl\/de\/wp-json\/wp\/v2\/pages"}],"about":[{"href":"https:\/\/www.kikoyshop.nl\/de\/wp-json\/wp\/v2\/types\/page"}],"author":[{"embeddable":true,"href":"https:\/\/www.kikoyshop.nl\/de\/wp-json\/wp\/v2\/users\/1"}],"replies":[{"embeddable":true,"href":"https:\/\/www.kikoyshop.nl\/de\/wp-json\/wp\/v2\/comments?post=776"}],"version-history":[{"count":1,"href":"https:\/\/www.kikoyshop.nl\/de\/wp-json\/wp\/v2\/pages\/776\/revisions"}],"predecessor-version":[{"id":1733,"href":"https:\/\/www.kikoyshop.nl\/de\/wp-json\/wp\/v2\/pages\/776\/revisions\/1733"}],"wp:attachment":[{"href":"https:\/\/www.kikoyshop.nl\/de\/wp-json\/wp\/v2\/media?parent=776"}],"curies":[{"name":"wp","href":"https:\/\/api.w.org\/{rel}","templated":true}]}}